{"id":995,"date":"2023-08-11T07:10:14","date_gmt":"2023-08-11T07:10:14","guid":{"rendered":"https:\/\/hedbeweb.180gr.com\/?page_id=995"},"modified":"2023-08-11T07:13:12","modified_gmt":"2023-08-11T07:13:12","slug":"club-hedbe","status":"publish","type":"page","link":"https:\/\/hedbeweb.180gr.com\/index.php\/club-hedbe\/","title":{"rendered":"Club Hedbe"},"content":{"rendered":"<div class=\"fusion-fullwidth fullwidth-box fusion-builder-row-1 fusion-flex-container nonhundred-percent-fullwidth non-hundred-percent-height-scrolling\" style=\"--awb-background-position:left top;--awb-border-sizes-top:0px;--awb-border-sizes-bottom:0px;--awb-border-sizes-left:0px;--awb-border-sizes-right:0px;--awb-border-radius-top-left:0px;--awb-border-radius-top-right:0px;--awb-border-radius-bottom-right:0px;--awb-border-radius-bottom-left:0px;--awb-padding-top:150px;--awb-padding-bottom:150px;--awb-flex-wrap:wrap;\" ><div class=\"fusion-builder-row fusion-row fusion-flex-align-items-flex-start fusion-flex-content-wrap\" style=\"max-width:1216.8px;margin-left: calc(-4% \/ 2 );margin-right: calc(-4% \/ 2 );\"><div class=\"fusion-layout-column fusion_builder_column fusion-builder-column-0 fusion_builder_column_1_2 1_2 fusion-flex-column\" style=\"--awb-bg-blend:overlay;--awb-bg-size:cover;--awb-width-large:50%;--awb-margin-top-large:0px;--awb-spacing-right-large:3.84%;--awb-margin-bottom-large:20px;--awb-spacing-left-large:3.84%;--awb-width-medium:100%;--awb-spacing-right-medium:1.92%;--awb-spacing-left-medium:1.92%;--awb-width-small:100%;--awb-spacing-right-small:1.92%;--awb-spacing-left-small:1.92%;\"><div class=\"fusion-column-wrapper fusion-flex-justify-content-flex-start fusion-content-layout-column\"><div class=\"fusion-title title fusion-title-1 fusion-sep-none fusion-title-text fusion-title-size-two\" style=\"--awb-margin-bottom:50px;\"><h2 class=\"fusion-title-heading title-heading-left fusion-responsive-typography-calculated\" style=\"margin:0;text-transform:capitalize;--fontSize:48;line-height:var(--awb-typography1-line-height);\">Club Hedbe<\/h2><\/div><div style=\"text-align:center;\"><a class=\"fusion-button button-flat fusion-button-default-size button-default fusion-button-default button-1 fusion-button-span-yes fusion-button-default-type\" target=\"_blank\" rel=\"noopener noreferrer\" href=\"http:\/\/www.byte-factory.com\/maxfid\/cli\/?ent=38afded01ca24baf808972532a6bcbca\"><span class=\"fusion-button-text\">Comprobar puntos<\/span><\/a><\/div><div class=\"fusion-separator\" style=\"align-self: flex-start;margin-right:auto;margin-top:0px;margin-bottom:30px;width:100%;max-width:170px;\"><div class=\"fusion-separator-border sep-single sep-solid\" style=\"--awb-height:20px;--awb-amount:20px;--awb-sep-color:var(--awb-color3);border-color:var(--awb-color3);border-top-width:0px;\"><\/div><\/div><div class=\"fusion-text fusion-text-1\"><p><strong>CONDICIONES DE USO:<\/strong><\/p>\n<p>Mediante la tarjeta Club HEDBE sus titulares disfrutan de ventajas exclusivas: descuentos y ofertas especiales, promociones, sorteos, finanzas, etc.<br \/>\nEs una tarjeta gratuita, sin cuotas ni gastos de mantenimiento, ni coste alguno por su utilizaci\u00f3n que podr\u00e1s utilizar en nuestro centro:<\/p>\n<p>HEDBE CENTRO JARDINER\u00cdA. Ctra. Madrid-Ir\u00fan, Km. 234, v\u00eda servicio. C\/ Cinc, 2. 09195 \u2013 Villagonzalo Pedernales (Burgos). Tel\u00e9fonos: 947274797 \u2013 947277127 \u2013 947256264. hedbe@hedbe.net<\/p>\n<p><strong>CANJEO DE PUNTOS:<\/strong><\/p>\n<p>Con esta tarjeta podr\u00e1s acumular el 3% del importe de las compras. Por cada 200 \u20ac acumulados obtendr\u00e1s un vale de 6 \u20ac que podr\u00e1s canjear en un plazo de 2 meses desde la obtenci\u00f3n del vale. \u00a1An\u00edmate a formar parte de nuestro club y aprov\u00e9chate de sus ventajas!<\/p>\n<p>NOTAS:\u00a0 Quedan excluidos para la acumulaci\u00f3n de puntos, los importes de reparaciones, trabajos, mantenimiento, mano de obra y portes<br \/>\nLa tarjeta de Fidelizaci\u00f3n Hedbe no es compatible con otras ofertas y\/o promociones.<\/p>\n<p><strong>CONDICIONES GENERALES:<\/strong><br \/>\n1. La tarjeta Club Hedbe es propiedad de Maquinaria Agr\u00edcola y de Jard\u00edn HEDBE, S.L. y se emitir\u00e1 con car\u00e1cter personal e intransferible a nombre del titular de la tarjeta. La realizaci\u00f3n de operaciones mediante la tarjeta exigir\u00e1 la identificaci\u00f3n del titular mediante su DNI.<br \/>\n2. La tarjeta de fidelizaci\u00f3n Club Hedbe no es una tarjeta de pago ni de cr\u00e9dito. Es imprescindible presentarla en el momento de la compra para poder asignar los puntos correspondientes.<br \/>\n3. Los puntos conseguidos se har\u00e1n efectivos pasado un d\u00eda desde la emisi\u00f3n del ticket de compra, caducando los mismos a los dos meses.<br \/>\n4. Las promociones o descuentos realizados no son acumulables entre s\u00ed en ning\u00fan caso.<br \/>\n5. En caso de robo o p\u00e9rdida el titular de esta tarjeta deber\u00e1 comunicarlo inmediatamente para su anulaci\u00f3n evitando as\u00ed cualquier uso fraudulento de su tarjeta.<br \/>\n6. En caso de incumplimiento de las normas citadas Maquinaria Agr\u00edcola y de Jard\u00edn HEDBE, S.L dispondr\u00e1 del derecho a retirar los beneficios de uso de esta tarjeta.<br \/>\n7. La conversi\u00f3n al canjear los puntos en euros podr\u00e1 ser modificada a criterio de Maquinaria Agr\u00edcola y de Jard\u00edn HEDBE, S.L<br \/>\n8. Podr\u00e1, as\u00ed mismo, informarse de las distintas promociones y ventajas que esta tarjeta le ofrece, as\u00ed como de su saldo de puntos, a trav\u00e9s de la p\u00e1gina web www.hedbe.es<\/p>\n<\/div><\/div><\/div><div class=\"fusion-layout-column fusion_builder_column fusion-builder-column-1 fusion_builder_column_1_2 1_2 fusion-flex-column\" style=\"--awb-bg-blend:overlay;--awb-bg-size:cover;--awb-width-large:50%;--awb-margin-top-large:0px;--awb-spacing-right-large:3.84%;--awb-margin-bottom-large:20px;--awb-spacing-left-large:3.84%;--awb-width-medium:100%;--awb-spacing-right-medium:1.92%;--awb-spacing-left-medium:1.92%;--awb-width-small:100%;--awb-spacing-right-small:1.92%;--awb-spacing-left-small:1.92%;\"><div class=\"fusion-column-wrapper fusion-flex-justify-content-flex-start fusion-content-layout-column\"><div class=\"fusion-image-element \" style=\"--awb-caption-title-font-family:var(--h2_typography-font-family);--awb-caption-title-font-weight:var(--h2_typography-font-weight);--awb-caption-title-font-style:var(--h2_typography-font-style);--awb-caption-title-size:var(--h2_typography-font-size);--awb-caption-title-transform:var(--h2_typography-text-transform);--awb-caption-title-line-height:var(--h2_typography-line-height);--awb-caption-title-letter-spacing:var(--h2_typography-letter-spacing);\"><span class=\" fusion-imageframe imageframe-none imageframe-1 hover-type-zoomin fusion-animated\" data-animationType=\"fadeInDown\" data-animationDuration=\"1\" data-animationOffset=\"top-into-view\"><a href=\"https:\/\/hedbeweb.180gr.com\/wp-content\/uploads\/2023\/08\/jardineros-que-divierten-carretilla-scaled-e1691737371394.jpeg\" class=\"fusion-lightbox\" data-rel=\"iLightbox[34dbc8639fba7edd9ab]\" data-title=\"jardineros-que-divierten-carretilla\" title=\"jardineros-que-divierten-carretilla\"><img decoding=\"async\" width=\"1062\" height=\"1668\" src=\"https:\/\/hedbeweb.180gr.com\/wp-content\/uploads\/2023\/08\/jardineros-que-divierten-carretilla-scaled-e1691737371394.jpeg\" data-orig-src=\"https:\/\/hedbeweb.180gr.com\/wp-content\/uploads\/2023\/08\/jardineros-que-divierten-carretilla-scaled-e1691737371394.jpeg\" alt class=\"lazyload img-responsive wp-image-993\" srcset=\"data:image\/svg+xml,%3Csvg%20xmlns%3D%27http%3A%2F%2Fwww.w3.org%2F2000%2Fsvg%27%20width%3D%271062%27%20height%3D%271668%27%20viewBox%3D%270%200%201062%201668%27%3E%3Crect%20width%3D%271062%27%20height%3D%271668%27%20fill-opacity%3D%220%22%2F%3E%3C%2Fsvg%3E\" data-srcset=\"https:\/\/hedbeweb.180gr.com\/wp-content\/uploads\/2023\/08\/jardineros-que-divierten-carretilla-scaled-e1691737371394-200x314.jpeg 200w, https:\/\/hedbeweb.180gr.com\/wp-content\/uploads\/2023\/08\/jardineros-que-divierten-carretilla-scaled-e1691737371394-400x628.jpeg 400w, https:\/\/hedbeweb.180gr.com\/wp-content\/uploads\/2023\/08\/jardineros-que-divierten-carretilla-scaled-e1691737371394-600x942.jpeg 600w, https:\/\/hedbeweb.180gr.com\/wp-content\/uploads\/2023\/08\/jardineros-que-divierten-carretilla-scaled-e1691737371394-800x1256.jpeg 800w, https:\/\/hedbeweb.180gr.com\/wp-content\/uploads\/2023\/08\/jardineros-que-divierten-carretilla-scaled-e1691737371394.jpeg 1062w\" data-sizes=\"auto\" data-orig-sizes=\"(max-width: 800px) 100vw, (max-width: 640px) 100vw, 600px\" \/><\/a><\/span><\/div><div class=\"fusion-separator fusion-full-width-sep\" style=\"align-self: center;margin-left: auto;margin-right: auto;margin-top:40px;width:100%;\"><\/div><\/div><\/div><\/div><\/div>\n","protected":false},"excerpt":{"rendered":"","protected":false},"author":1,"featured_media":0,"parent":0,"menu_order":0,"comment_status":"closed","ping_status":"open","template":"100-width.php","meta":{"footnotes":""},"class_list":["post-995","page","type-page","status-publish","hentry"],"yoast_head":"<!-- This site is optimized with the Yoast SEO plugin v20.13 - https:\/\/yoast.com\/wordpress\/plugins\/seo\/ -->\n<title>Club Hedbe - Hedbe- Centro de jardineria<\/title>\n<meta name=\"description\" content=\"Consigue puntos para ahorrar con el club hedbe\" \/>\n<meta name=\"robots\" content=\"index, follow, max-snippet:-1, max-image-preview:large, max-video-preview:-1\" \/>\n<link rel=\"canonical\" href=\"https:\/\/hedbeweb.180gr.com\/index.php\/club-hedbe\/\" \/>\n<meta property=\"og:locale\" content=\"es_ES\" \/>\n<meta property=\"og:type\" content=\"article\" \/>\n<meta property=\"og:title\" content=\"Club Hedbe - Hedbe- Centro de jardineria\" \/>\n<meta property=\"og:description\" content=\"Consigue puntos para ahorrar con el club hedbe\" \/>\n<meta property=\"og:url\" content=\"https:\/\/hedbeweb.180gr.com\/index.php\/club-hedbe\/\" \/>\n<meta property=\"og:site_name\" content=\"Hedbe- Centro de jardineria\" \/>\n<meta property=\"article:modified_time\" content=\"2023-08-11T07:13:12+00:00\" \/>\n<meta name=\"twitter:card\" content=\"summary_large_image\" \/>\n<meta name=\"twitter:label1\" content=\"Tiempo de lectura\" \/>\n\t<meta name=\"twitter:data1\" content=\"4 minutos\" \/>\n<script type=\"application\/ld+json\" class=\"yoast-schema-graph\">{\"@context\":\"https:\/\/schema.org\",\"@graph\":[{\"@type\":\"WebPage\",\"@id\":\"https:\/\/hedbeweb.180gr.com\/index.php\/club-hedbe\/\",\"url\":\"https:\/\/hedbeweb.180gr.com\/index.php\/club-hedbe\/\",\"name\":\"Club Hedbe - Hedbe- Centro de jardineria\",\"isPartOf\":{\"@id\":\"https:\/\/hedbeweb.180gr.com\/#website\"},\"datePublished\":\"2023-08-11T07:10:14+00:00\",\"dateModified\":\"2023-08-11T07:13:12+00:00\",\"description\":\"Consigue puntos para ahorrar con el club hedbe\",\"breadcrumb\":{\"@id\":\"https:\/\/hedbeweb.180gr.com\/index.php\/club-hedbe\/#breadcrumb\"},\"inLanguage\":\"es\",\"potentialAction\":[{\"@type\":\"ReadAction\",\"target\":[\"https:\/\/hedbeweb.180gr.com\/index.php\/club-hedbe\/\"]}]},{\"@type\":\"BreadcrumbList\",\"@id\":\"https:\/\/hedbeweb.180gr.com\/index.php\/club-hedbe\/#breadcrumb\",\"itemListElement\":[{\"@type\":\"ListItem\",\"position\":1,\"name\":\"Portada\",\"item\":\"https:\/\/hedbeweb.180gr.com\/\"},{\"@type\":\"ListItem\",\"position\":2,\"name\":\"Club Hedbe\"}]},{\"@type\":\"WebSite\",\"@id\":\"https:\/\/hedbeweb.180gr.com\/#website\",\"url\":\"https:\/\/hedbeweb.180gr.com\/\",\"name\":\"Hedbe- Centro de jardineria\",\"description\":\"&quot;Descubre la magia de la naturaleza en nuestro centro de jardiner\u00eda en Burgos. Plantas, flores y accesorios para crear tu para\u00edso verde. \u00a1Vis\u00edtanos ahora!&quot;\",\"potentialAction\":[{\"@type\":\"SearchAction\",\"target\":{\"@type\":\"EntryPoint\",\"urlTemplate\":\"https:\/\/hedbeweb.180gr.com\/?s={search_term_string}\"},\"query-input\":\"required name=search_term_string\"}],\"inLanguage\":\"es\"}]}<\/script>\n<!-- \/ Yoast SEO plugin. -->","yoast_head_json":{"title":"Club Hedbe - Hedbe- Centro de jardineria","description":"Consigue puntos para ahorrar con el club hedbe","robots":{"index":"index","follow":"follow","max-snippet":"max-snippet:-1","max-image-preview":"max-image-preview:large","max-video-preview":"max-video-preview:-1"},"canonical":"https:\/\/hedbeweb.180gr.com\/index.php\/club-hedbe\/","og_locale":"es_ES","og_type":"article","og_title":"Club Hedbe - Hedbe- Centro de jardineria","og_description":"Consigue puntos para ahorrar con el club hedbe","og_url":"https:\/\/hedbeweb.180gr.com\/index.php\/club-hedbe\/","og_site_name":"Hedbe- Centro de jardineria","article_modified_time":"2023-08-11T07:13:12+00:00","twitter_card":"summary_large_image","twitter_misc":{"Tiempo de lectura":"4 minutos"},"schema":{"@context":"https:\/\/schema.org","@graph":[{"@type":"WebPage","@id":"https:\/\/hedbeweb.180gr.com\/index.php\/club-hedbe\/","url":"https:\/\/hedbeweb.180gr.com\/index.php\/club-hedbe\/","name":"Club Hedbe - Hedbe- Centro de jardineria","isPartOf":{"@id":"https:\/\/hedbeweb.180gr.com\/#website"},"datePublished":"2023-08-11T07:10:14+00:00","dateModified":"2023-08-11T07:13:12+00:00","description":"Consigue puntos para ahorrar con el club hedbe","breadcrumb":{"@id":"https:\/\/hedbeweb.180gr.com\/index.php\/club-hedbe\/#breadcrumb"},"inLanguage":"es","potentialAction":[{"@type":"ReadAction","target":["https:\/\/hedbeweb.180gr.com\/index.php\/club-hedbe\/"]}]},{"@type":"BreadcrumbList","@id":"https:\/\/hedbeweb.180gr.com\/index.php\/club-hedbe\/#breadcrumb","itemListElement":[{"@type":"ListItem","position":1,"name":"Portada","item":"https:\/\/hedbeweb.180gr.com\/"},{"@type":"ListItem","position":2,"name":"Club Hedbe"}]},{"@type":"WebSite","@id":"https:\/\/hedbeweb.180gr.com\/#website","url":"https:\/\/hedbeweb.180gr.com\/","name":"Hedbe- Centro de jardineria","description":"&quot;Descubre la magia de la naturaleza en nuestro centro de jardiner\u00eda en Burgos. Plantas, flores y accesorios para crear tu para\u00edso verde. \u00a1Vis\u00edtanos ahora!&quot;","potentialAction":[{"@type":"SearchAction","target":{"@type":"EntryPoint","urlTemplate":"https:\/\/hedbeweb.180gr.com\/?s={search_term_string}"},"query-input":"required name=search_term_string"}],"inLanguage":"es"}]}},"_links":{"self":[{"href":"https:\/\/hedbeweb.180gr.com\/index.php\/wp-json\/wp\/v2\/pages\/995","targetHints":{"allow":["GET"]}}],"collection":[{"href":"https:\/\/hedbeweb.180gr.com\/index.php\/wp-json\/wp\/v2\/pages"}],"about":[{"href":"https:\/\/hedbeweb.180gr.com\/index.php\/wp-json\/wp\/v2\/types\/page"}],"author":[{"embeddable":true,"href":"https:\/\/hedbeweb.180gr.com\/index.php\/wp-json\/wp\/v2\/users\/1"}],"replies":[{"embeddable":true,"href":"https:\/\/hedbeweb.180gr.com\/index.php\/wp-json\/wp\/v2\/comments?post=995"}],"version-history":[{"count":5,"href":"https:\/\/hedbeweb.180gr.com\/index.php\/wp-json\/wp\/v2\/pages\/995\/revisions"}],"predecessor-version":[{"id":1000,"href":"https:\/\/hedbeweb.180gr.com\/index.php\/wp-json\/wp\/v2\/pages\/995\/revisions\/1000"}],"wp:attachment":[{"href":"https:\/\/hedbeweb.180gr.com\/index.php\/wp-json\/wp\/v2\/media?parent=995"}],"curies":[{"name":"wp","href":"https:\/\/api.w.org\/{rel}","templated":true}]}}