{"id":9,"date":"2015-02-10T19:21:19","date_gmt":"2015-02-10T19:21:19","guid":{"rendered":"https:\/\/avada.theme-fusion.com_demos\/architecture\/?page_id=9"},"modified":"2023-08-09T09:36:38","modified_gmt":"2023-08-09T09:36:38","slug":"sobre-nosotros","status":"publish","type":"page","link":"https:\/\/hedbeweb.180gr.com\/index.php\/sobre-nosotros\/","title":{"rendered":"Sobre nosotros"},"content":{"rendered":"<p><div class=\"fusion-fullwidth fullwidth-box fusion-builder-row-1 fusion-flex-container nonhundred-percent-fullwidth non-hundred-percent-height-scrolling\" style=\"--awb-background-position:left top;--awb-border-sizes-top:0px;--awb-border-sizes-bottom:0px;--awb-border-sizes-left:0px;--awb-border-sizes-right:0px;--awb-border-radius-top-left:0px;--awb-border-radius-top-right:0px;--awb-border-radius-bottom-right:0px;--awb-border-radius-bottom-left:0px;--awb-padding-top:150px;--awb-padding-bottom:150px;--awb-flex-wrap:wrap;\" ><div class=\"fusion-builder-row fusion-row fusion-flex-align-items-flex-start fusion-flex-content-wrap\" style=\"max-width:1216.8px;margin-left: calc(-4% \/ 2 );margin-right: calc(-4% \/ 2 );\"><div class=\"fusion-layout-column fusion_builder_column fusion-builder-column-0 fusion_builder_column_1_2 1_2 fusion-flex-column\" style=\"--awb-bg-blend:overlay;--awb-bg-size:cover;--awb-width-large:50%;--awb-margin-top-large:0px;--awb-spacing-right-large:3.84%;--awb-margin-bottom-large:20px;--awb-spacing-left-large:3.84%;--awb-width-medium:100%;--awb-spacing-right-medium:1.92%;--awb-spacing-left-medium:1.92%;--awb-width-small:100%;--awb-spacing-right-small:1.92%;--awb-spacing-left-small:1.92%;\"><div class=\"fusion-column-wrapper fusion-flex-justify-content-flex-start fusion-content-layout-column\"><div class=\"fusion-title title fusion-title-1 fusion-sep-none fusion-title-text fusion-title-size-two\" style=\"--awb-margin-bottom:50px;\"><h2 class=\"fusion-title-heading title-heading-left fusion-responsive-typography-calculated\" style=\"margin:0;text-transform:capitalize;--fontSize:48;line-height:var(--awb-typography1-line-height);\">QUIENES SOMOS<\/h2><\/div><div class=\"fusion-separator\" style=\"align-self: flex-start;margin-right:auto;margin-top:0px;margin-bottom:40px;width:100%;max-width:170px;\"><div class=\"fusion-separator-border sep-single sep-solid\" style=\"--awb-height:20px;--awb-amount:20px;--awb-sep-color:var(--awb-color3);border-color:var(--awb-color3);border-top-width:3px;\"><\/div><\/div><div class=\"fusion-text fusion-text-1\" style=\"--awb-font-size:var(--awb-typography2-font-size);--awb-line-height:var(--awb-typography2-line-height);--awb-letter-spacing:var(--awb-typography2-letter-spacing);--awb-text-transform:var(--awb-typography2-text-transform);--awb-text-font-family:var(--awb-typography2-font-family);--awb-text-font-weight:var(--awb-typography2-font-weight);--awb-text-font-style:var(--awb-typography2-font-style);\"><p style=\"font-weight: 400;\">Comenzamos nuestra actividad en 1.989 en un peque\u00f1o establecimiento ubicado en San Pedro de Carde\u00f1a, n\u00famero 80. Burgos.\u00a0 Al a\u00f1o traslad\u00e1ndonos a un local de 200 m2 en el n\u00famero 12 de la misma calle.<\/p>\n<p style=\"font-weight: 400;\">En 1.997 abrimos HEDBE Centro de Jardiner\u00eda, m\u00e1s de 3.000 m2 situados\u00a0en Ctra. Madrid-Ir\u00fan, Km. 234, v\u00eda de Servicio Hotel Landa. 09195 &#8211; Burgos.<\/p>\n<\/div><div class=\"fusion-separator\" style=\"align-self: flex-start;margin-right:auto;margin-top:0px;margin-bottom:30px;width:100%;max-width:170px;\"><\/div><div class=\"fusion-text fusion-text-2\"><p style=\"font-weight: 400;\">Ofrecimos en primicia a Burgos el primer Centro de Jardiner\u00eda, en el cual por primera vez el cliente pod\u00eda aprovechar las ventajas del autoservicio sin renunciar al trato personalizado y especializado que permite al comprador una r\u00e1pida y libre elecci\u00f3n de productos para su jard\u00edn escogidos por nosotros de las mejores firmas y con una total garant\u00eda.<\/p>\n<p style=\"font-weight: 400;\">Desde el a\u00f1o 2004 hemos seguido creciendo completando esta sede con un vivero de 10.000 m2, situado en Modubar de la Emparedada.<\/p>\n<\/div><\/div><\/div><div class=\"fusion-layout-column fusion_builder_column fusion-builder-column-1 fusion_builder_column_1_2 1_2 fusion-flex-column\" style=\"--awb-bg-blend:overlay;--awb-bg-size:cover;--awb-width-large:50%;--awb-margin-top-large:0px;--awb-spacing-right-large:3.84%;--awb-margin-bottom-large:20px;--awb-spacing-left-large:3.84%;--awb-width-medium:100%;--awb-spacing-right-medium:1.92%;--awb-spacing-left-medium:1.92%;--awb-width-small:100%;--awb-spacing-right-small:1.92%;--awb-spacing-left-small:1.92%;\"><div class=\"fusion-column-wrapper fusion-flex-justify-content-flex-start fusion-content-layout-column\"><div class=\"fusion-image-element \" style=\"--awb-caption-title-font-family:var(--h2_typography-font-family);--awb-caption-title-font-weight:var(--h2_typography-font-weight);--awb-caption-title-font-style:var(--h2_typography-font-style);--awb-caption-title-size:var(--h2_typography-font-size);--awb-caption-title-transform:var(--h2_typography-text-transform);--awb-caption-title-line-height:var(--h2_typography-line-height);--awb-caption-title-letter-spacing:var(--h2_typography-letter-spacing);\"><span class=\" fusion-imageframe imageframe-none imageframe-1 hover-type-zoomin fusion-animated\" data-animationType=\"fadeInDown\" data-animationDuration=\"1\" data-animationOffset=\"top-into-view\"><a href=\"https:\/\/hedbeweb.180gr.com\/wp-content\/uploads\/2023\/05\/Portada-5.jpg\" class=\"fusion-lightbox\" data-rel=\"iLightbox[650ce6e5e7310282108]\" data-title=\"Portada 5\" title=\"Portada 5\"><img decoding=\"async\" width=\"1950\" height=\"1200\" src=\"https:\/\/hedbeweb.180gr.com\/wp-content\/uploads\/2023\/05\/Portada-5.jpg\" data-orig-src=\"https:\/\/hedbeweb.180gr.com\/wp-content\/uploads\/2023\/05\/Portada-5.jpg\" alt class=\"lazyload img-responsive wp-image-853\" srcset=\"data:image\/svg+xml,%3Csvg%20xmlns%3D%27http%3A%2F%2Fwww.w3.org%2F2000%2Fsvg%27%20width%3D%271950%27%20height%3D%271200%27%20viewBox%3D%270%200%201950%201200%27%3E%3Crect%20width%3D%271950%27%20height%3D%271200%27%20fill-opacity%3D%220%22%2F%3E%3C%2Fsvg%3E\" data-srcset=\"https:\/\/hedbeweb.180gr.com\/wp-content\/uploads\/2023\/05\/Portada-5-200x123.jpg 200w, https:\/\/hedbeweb.180gr.com\/wp-content\/uploads\/2023\/05\/Portada-5-400x246.jpg 400w, https:\/\/hedbeweb.180gr.com\/wp-content\/uploads\/2023\/05\/Portada-5-600x369.jpg 600w, https:\/\/hedbeweb.180gr.com\/wp-content\/uploads\/2023\/05\/Portada-5-800x492.jpg 800w, https:\/\/hedbeweb.180gr.com\/wp-content\/uploads\/2023\/05\/Portada-5-1200x738.jpg 1200w, https:\/\/hedbeweb.180gr.com\/wp-content\/uploads\/2023\/05\/Portada-5.jpg 1950w\" data-sizes=\"auto\" data-orig-sizes=\"(max-width: 800px) 100vw, (max-width: 640px) 100vw, 600px\" \/><\/a><\/span><\/div><div class=\"fusion-separator fusion-full-width-sep\" style=\"align-self: center;margin-left: auto;margin-right: auto;margin-top:40px;width:100%;\"><\/div><div class=\"fusion-text fusion-text-3\"><p>En 2006, ampliamos otro campo que toc\u00e1bamos de cerca en la tercera planta del Centro de Jardiner\u00eda, con la apertura de\u00a0<b><strong>Muscari<\/strong><\/b>, un establecimiento de m\u00e1s de 2500 m2 dedicado en exclusiva a mueble, regalo y decoraci\u00f3n de interiores.<\/p>\n<\/div><\/div><\/div><\/div><\/div><div class=\"fusion-bg-parallax\" data-bg-align=\"left top\" data-direction=\"up\" data-mute=\"false\" data-opacity=\"100\" data-velocity=\"-0.3\" data-mobile-enabled=\"false\" data-break_parents=\"0\" data-bg-image=\"https:\/\/hedbeweb.180gr.com\/wp-content\/uploads\/2015\/05\/st-lucia.jpg\" data-bg-repeat=\"false\" ><\/div><div class=\"fusion-fullwidth fullwidth-box fusion-builder-row-2 fusion-flex-container fusion-parallax-up nonhundred-percent-fullwidth non-hundred-percent-height-scrolling lazyload\" style=\"--awb-background-position:left top;--awb-border-sizes-top:0px;--awb-border-sizes-bottom:0px;--awb-border-sizes-left:0px;--awb-border-sizes-right:0px;--awb-border-radius-top-left:0px;--awb-border-radius-top-right:0px;--awb-border-radius-bottom-right:0px;--awb-border-radius-bottom-left:0px;--awb-padding-top:150px;--awb-padding-bottom:120px;--awb-background-size:cover;--awb-flex-wrap:wrap;\" data-bg=\"https:\/\/hedbeweb.180gr.com\/wp-content\/uploads\/2015\/05\/st-lucia.jpg\" ><div class=\"fusion-builder-row fusion-row fusion-flex-align-items-flex-start fusion-flex-content-wrap\" style=\"max-width:1216.8px;margin-left: calc(-4% \/ 2 );margin-right: calc(-4% \/ 2 );\"><div class=\"fusion-layout-column fusion_builder_column fusion-builder-column-2 fusion_builder_column_1_1 1_1 fusion-flex-column fusion-flex-align-self-flex-start fusion-column-no-min-height\" style=\"--awb-bg-blend:overlay;--awb-bg-size:cover;--awb-width-large:100%;--awb-margin-top-large:0px;--awb-spacing-right-large:1.92%;--awb-margin-bottom-large:40px;--awb-spacing-left-large:1.92%;--awb-width-medium:100%;--awb-spacing-right-medium:1.92%;--awb-spacing-left-medium:1.92%;--awb-width-small:100%;--awb-spacing-right-small:1.92%;--awb-spacing-left-small:1.92%;\"><div class=\"fusion-column-wrapper fusion-flex-justify-content-flex-start fusion-content-layout-column\"><div class=\"fusion-title title fusion-title-2 fusion-sep-none fusion-title-text fusion-title-size-two\" style=\"--awb-text-color:var(--awb-color1);\"><h2 class=\"fusion-title-heading title-heading-left fusion-responsive-typography-calculated\" style=\"margin:0;text-transform:capitalize;--fontSize:48;line-height:var(--awb-typography1-line-height);\">FILOSOF\u00cdA DE LA EMPRESA<\/h2><\/div><div class=\"fusion-text fusion-text-4\" style=\"--awb-font-size:var(--awb-typography2-font-size);--awb-line-height:var(--awb-typography2-line-height);--awb-letter-spacing:var(--awb-typography2-letter-spacing);--awb-text-transform:var(--awb-typography2-text-transform);--awb-text-color:var(--awb-color1);--awb-text-font-family:var(--awb-typography2-font-family);--awb-text-font-weight:var(--awb-typography2-font-weight);--awb-text-font-style:var(--awb-typography2-font-style);\"><p>En 2002, HEDBE consigue el Certificado de la Norma ISO 9001-2000 avalado por la empresa SGS ICS IBERICA. Todo un logro que garantiza cualquier trabajo que realiza nuestro personal especializado sin dejar lugar a duda sobre la calidad del mismo.<\/p>\n<p>Pol\u00edtica de Calidad:- Nuestra meta: Lograr que todos nuestros clientes se sientan satisfechos con los servicios que les proporcionamos.\u00a0&#8211; Nuestra responsabilidad con el Cliente: Elegir a los proveedores que mejor cumplan las exigencias que les demandamos, que a su vez son las de los clientes.- La profesionalidad m\u00e1s rigurosa es una cualidad que aspiramos que destaque en todos los que integramos el Centro de Jardiner\u00eda HEDBE.<\/p>\n<p><b><strong>Premios:<\/strong><\/b><\/p>\n<p>2003\u00a0\u00a0 \u00a0Premio Provincial en la III Edici\u00f3n de los Premios de Comercio de Castilla y Le\u00f3n otorgado por la Junta de Castilla y Le\u00f3n.<\/p>\n<p>2008:\u00a0 \u00a0II Premio a la Evoluci\u00f3n del Aut\u00f3nomo en Castilla y Le\u00f3n otorgado por la Junta de Castilla y Le\u00f3n y A.T.A.<\/p>\n<\/div><\/div><\/div><\/div><\/div><div class=\"fusion-fullwidth fullwidth-box fusion-builder-row-3 fusion-flex-container nonhundred-percent-fullwidth non-hundred-percent-height-scrolling\" style=\"--awb-background-position:left top;--awb-border-sizes-top:0px;--awb-border-sizes-bottom:0px;--awb-border-sizes-left:0px;--awb-border-sizes-right:0px;--awb-border-radius-top-left:0px;--awb-border-radius-top-right:0px;--awb-border-radius-bottom-right:0px;--awb-border-radius-bottom-left:0px;--awb-padding-top:150px;--awb-padding-bottom:30px;--awb-flex-wrap:wrap;\" ><div class=\"fusion-builder-row fusion-row fusion-flex-align-items-center fusion-flex-content-wrap\" style=\"max-width:1216.8px;margin-left: calc(-4% \/ 2 );margin-right: calc(-4% \/ 2 );\"><div class=\"fusion-layout-column fusion_builder_column fusion-builder-column-3 fusion_builder_column_1_3 1_3 fusion-flex-column\" style=\"--awb-bg-position:right center;--awb-bg-blend:overlay;--awb-bg-size:cover;--awb-border-color:var(--awb-color4);--awb-border-right:3px;--awb-border-style:solid;--awb-width-large:33.333333333333%;--awb-margin-top-large:0px;--awb-spacing-right-large:3.84%;--awb-margin-bottom-large:0px;--awb-spacing-left-large:5.76%;--awb-width-medium:100%;--awb-spacing-right-medium:1.92%;--awb-spacing-left-medium:1.92%;--awb-width-small:100%;--awb-spacing-right-small:1.92%;--awb-spacing-left-small:1.92%;\"><div class=\"fusion-column-wrapper fusion-flex-justify-content-flex-start fusion-content-layout-column\"><div class=\"fusion-title title fusion-title-3 fusion-sep-none fusion-title-text fusion-title-size-two\" style=\"--awb-margin-bottom:20px;--awb-margin-bottom-small:0px;--awb-margin-bottom-medium:0px;\"><h2 class=\"fusion-title-heading title-heading-left fusion-responsive-typography-calculated\" style=\"margin:0;text-transform:capitalize;--fontSize:48;line-height:var(--awb-typography1-line-height);\">EL EQUIPO<\/h2><\/div><\/div><\/div><div class=\"fusion-layout-column fusion_builder_column fusion-builder-column-4 fusion_builder_column_2_3 2_3 fusion-flex-column\" style=\"--awb-bg-blend:overlay;--awb-bg-size:cover;--awb-width-large:66.666666666667%;--awb-margin-top-large:20px;--awb-spacing-right-large:2.88%;--awb-margin-bottom-large:20px;--awb-spacing-left-large:3.84%;--awb-width-medium:100%;--awb-spacing-right-medium:1.92%;--awb-spacing-left-medium:1.92%;--awb-width-small:100%;--awb-spacing-right-small:1.92%;--awb-spacing-left-small:1.92%;\"><div class=\"fusion-column-wrapper fusion-flex-justify-content-flex-start fusion-content-layout-column\"><div class=\"fusion-text fusion-text-5\" style=\"--awb-font-size:var(--awb-typography2-font-size);--awb-line-height:var(--awb-typography2-line-height);--awb-letter-spacing:var(--awb-typography2-letter-spacing);--awb-text-transform:var(--awb-typography2-text-transform);--awb-text-font-family:var(--awb-typography2-font-family);--awb-text-font-weight:var(--awb-typography2-font-weight);--awb-text-font-style:var(--awb-typography2-font-style);\"><p>Lo m\u00e1s importante que hemos conseguido hasta ahora es un gran equipo de profesionales compuesto por\u00a0Licenciados, Diplomados, T\u00e9cnicos, Ingenieros, Paisajistas, jardineros y otros especialistas que ofrecen a los clientes el mejor asesoramiento.<\/p>\n<p>A\u00f1o tras a\u00f1o hemos seguido una trayectoria de nuevos ingresos en la organizaci\u00f3n que han ayudado a la mejora de nuestros servicios.<\/p>\n<p>Consideramos que mantener una rigurosa pol\u00edtica de calidad es la mejor forma de lograr un progreso satisfactorio. Todos los miembros de nuestra empresa nos esforzamos al m\u00e1ximo en mejorar d\u00eda a d\u00eda nuestra manera de pensar y nuestra actuaci\u00f3n hasta conseguir la optimizaci\u00f3n m\u00e1xima de nuestros servicios.<\/p>\n<\/div><\/div><\/div><\/div><\/div><\/p>\n","protected":false},"excerpt":{"rendered":"","protected":false},"author":1,"featured_media":0,"parent":0,"menu_order":0,"comment_status":"closed","ping_status":"open","template":"100-width.php","meta":{"footnotes":""},"class_list":["post-9","page","type-page","status-publish","hentry"],"yoast_head":"<!-- This site is optimized with the Yoast SEO plugin v20.13 - https:\/\/yoast.com\/wordpress\/plugins\/seo\/ -->\n<title>Sobre nosotros - Hedbe- Centro de jardineria<\/title>\n<meta name=\"description\" content=\"Apasionados de la Naturaleza Dedicados a Hacer Realidad tus Sue\u00f1os de Jard\u00edn. Conoce Nuestra Historia y Compromiso\" \/>\n<meta name=\"robots\" content=\"index, follow, max-snippet:-1, max-image-preview:large, max-video-preview:-1\" \/>\n<link rel=\"canonical\" href=\"https:\/\/hedbeweb.180gr.com\/index.php\/sobre-nosotros\/\" \/>\n<meta property=\"og:locale\" content=\"es_ES\" \/>\n<meta property=\"og:type\" content=\"article\" \/>\n<meta property=\"og:title\" content=\"Sobre nosotros - Hedbe- Centro de jardineria\" \/>\n<meta property=\"og:description\" content=\"Apasionados de la Naturaleza Dedicados a Hacer Realidad tus Sue\u00f1os de Jard\u00edn. Conoce Nuestra Historia y Compromiso\" \/>\n<meta property=\"og:url\" content=\"https:\/\/hedbeweb.180gr.com\/index.php\/sobre-nosotros\/\" \/>\n<meta property=\"og:site_name\" content=\"Hedbe- Centro de jardineria\" \/>\n<meta property=\"article:modified_time\" content=\"2023-08-09T09:36:38+00:00\" \/>\n<meta name=\"twitter:card\" content=\"summary_large_image\" \/>\n<meta name=\"twitter:label1\" content=\"Tiempo de lectura\" \/>\n\t<meta name=\"twitter:data1\" content=\"4 minutos\" \/>\n<script type=\"application\/ld+json\" class=\"yoast-schema-graph\">{\"@context\":\"https:\/\/schema.org\",\"@graph\":[{\"@type\":\"WebPage\",\"@id\":\"https:\/\/hedbeweb.180gr.com\/index.php\/sobre-nosotros\/\",\"url\":\"https:\/\/hedbeweb.180gr.com\/index.php\/sobre-nosotros\/\",\"name\":\"Sobre nosotros - Hedbe- Centro de jardineria\",\"isPartOf\":{\"@id\":\"https:\/\/hedbeweb.180gr.com\/#website\"},\"datePublished\":\"2015-02-10T19:21:19+00:00\",\"dateModified\":\"2023-08-09T09:36:38+00:00\",\"description\":\"Apasionados de la Naturaleza Dedicados a Hacer Realidad tus Sue\u00f1os de Jard\u00edn. Conoce Nuestra Historia y Compromiso\",\"breadcrumb\":{\"@id\":\"https:\/\/hedbeweb.180gr.com\/index.php\/sobre-nosotros\/#breadcrumb\"},\"inLanguage\":\"es\",\"potentialAction\":[{\"@type\":\"ReadAction\",\"target\":[\"https:\/\/hedbeweb.180gr.com\/index.php\/sobre-nosotros\/\"]}]},{\"@type\":\"BreadcrumbList\",\"@id\":\"https:\/\/hedbeweb.180gr.com\/index.php\/sobre-nosotros\/#breadcrumb\",\"itemListElement\":[{\"@type\":\"ListItem\",\"position\":1,\"name\":\"Portada\",\"item\":\"https:\/\/hedbeweb.180gr.com\/\"},{\"@type\":\"ListItem\",\"position\":2,\"name\":\"Sobre nosotros\"}]},{\"@type\":\"WebSite\",\"@id\":\"https:\/\/hedbeweb.180gr.com\/#website\",\"url\":\"https:\/\/hedbeweb.180gr.com\/\",\"name\":\"Hedbe- Centro de jardineria\",\"description\":\"&quot;Descubre la magia de la naturaleza en nuestro centro de jardiner\u00eda en Burgos. Plantas, flores y accesorios para crear tu para\u00edso verde. \u00a1Vis\u00edtanos ahora!&quot;\",\"potentialAction\":[{\"@type\":\"SearchAction\",\"target\":{\"@type\":\"EntryPoint\",\"urlTemplate\":\"https:\/\/hedbeweb.180gr.com\/?s={search_term_string}\"},\"query-input\":\"required name=search_term_string\"}],\"inLanguage\":\"es\"}]}<\/script>\n<!-- \/ Yoast SEO plugin. -->","yoast_head_json":{"title":"Sobre nosotros - Hedbe- Centro de jardineria","description":"Apasionados de la Naturaleza Dedicados a Hacer Realidad tus Sue\u00f1os de Jard\u00edn. Conoce Nuestra Historia y Compromiso","robots":{"index":"index","follow":"follow","max-snippet":"max-snippet:-1","max-image-preview":"max-image-preview:large","max-video-preview":"max-video-preview:-1"},"canonical":"https:\/\/hedbeweb.180gr.com\/index.php\/sobre-nosotros\/","og_locale":"es_ES","og_type":"article","og_title":"Sobre nosotros - Hedbe- Centro de jardineria","og_description":"Apasionados de la Naturaleza Dedicados a Hacer Realidad tus Sue\u00f1os de Jard\u00edn. Conoce Nuestra Historia y Compromiso","og_url":"https:\/\/hedbeweb.180gr.com\/index.php\/sobre-nosotros\/","og_site_name":"Hedbe- Centro de jardineria","article_modified_time":"2023-08-09T09:36:38+00:00","twitter_card":"summary_large_image","twitter_misc":{"Tiempo de lectura":"4 minutos"},"schema":{"@context":"https:\/\/schema.org","@graph":[{"@type":"WebPage","@id":"https:\/\/hedbeweb.180gr.com\/index.php\/sobre-nosotros\/","url":"https:\/\/hedbeweb.180gr.com\/index.php\/sobre-nosotros\/","name":"Sobre nosotros - Hedbe- Centro de jardineria","isPartOf":{"@id":"https:\/\/hedbeweb.180gr.com\/#website"},"datePublished":"2015-02-10T19:21:19+00:00","dateModified":"2023-08-09T09:36:38+00:00","description":"Apasionados de la Naturaleza Dedicados a Hacer Realidad tus Sue\u00f1os de Jard\u00edn. Conoce Nuestra Historia y Compromiso","breadcrumb":{"@id":"https:\/\/hedbeweb.180gr.com\/index.php\/sobre-nosotros\/#breadcrumb"},"inLanguage":"es","potentialAction":[{"@type":"ReadAction","target":["https:\/\/hedbeweb.180gr.com\/index.php\/sobre-nosotros\/"]}]},{"@type":"BreadcrumbList","@id":"https:\/\/hedbeweb.180gr.com\/index.php\/sobre-nosotros\/#breadcrumb","itemListElement":[{"@type":"ListItem","position":1,"name":"Portada","item":"https:\/\/hedbeweb.180gr.com\/"},{"@type":"ListItem","position":2,"name":"Sobre nosotros"}]},{"@type":"WebSite","@id":"https:\/\/hedbeweb.180gr.com\/#website","url":"https:\/\/hedbeweb.180gr.com\/","name":"Hedbe- Centro de jardineria","description":"&quot;Descubre la magia de la naturaleza en nuestro centro de jardiner\u00eda en Burgos. Plantas, flores y accesorios para crear tu para\u00edso verde. \u00a1Vis\u00edtanos ahora!&quot;","potentialAction":[{"@type":"SearchAction","target":{"@type":"EntryPoint","urlTemplate":"https:\/\/hedbeweb.180gr.com\/?s={search_term_string}"},"query-input":"required name=search_term_string"}],"inLanguage":"es"}]}},"_links":{"self":[{"href":"https:\/\/hedbeweb.180gr.com\/index.php\/wp-json\/wp\/v2\/pages\/9","targetHints":{"allow":["GET"]}}],"collection":[{"href":"https:\/\/hedbeweb.180gr.com\/index.php\/wp-json\/wp\/v2\/pages"}],"about":[{"href":"https:\/\/hedbeweb.180gr.com\/index.php\/wp-json\/wp\/v2\/types\/page"}],"author":[{"embeddable":true,"href":"https:\/\/hedbeweb.180gr.com\/index.php\/wp-json\/wp\/v2\/users\/1"}],"replies":[{"embeddable":true,"href":"https:\/\/hedbeweb.180gr.com\/index.php\/wp-json\/wp\/v2\/comments?post=9"}],"version-history":[{"count":6,"href":"https:\/\/hedbeweb.180gr.com\/index.php\/wp-json\/wp\/v2\/pages\/9\/revisions"}],"predecessor-version":[{"id":940,"href":"https:\/\/hedbeweb.180gr.com\/index.php\/wp-json\/wp\/v2\/pages\/9\/revisions\/940"}],"wp:attachment":[{"href":"https:\/\/hedbeweb.180gr.com\/index.php\/wp-json\/wp\/v2\/media?parent=9"}],"curies":[{"name":"wp","href":"https:\/\/api.w.org\/{rel}","templated":true}]}}