{"id":15,"date":"2015-02-10T19:22:07","date_gmt":"2015-02-10T19:22:07","guid":{"rendered":"https:\/\/avada.theme-fusion.com_demos\/architecture\/?page_id=15"},"modified":"2023-08-11T07:50:46","modified_gmt":"2023-08-11T07:50:46","slug":"contacto-hedbe","status":"publish","type":"page","link":"https:\/\/hedbeweb.180gr.com\/index.php\/contacto-hedbe\/","title":{"rendered":"Contacto"},"content":{"rendered":"<p><div class=\"fusion-fullwidth fullwidth-box fusion-builder-row-1 fusion-flex-container has-pattern-background has-mask-background nonhundred-percent-fullwidth non-hundred-percent-height-scrolling\" style=\"--link_color: var(--awb-color3);--awb-background-position:center bottom;--awb-border-sizes-top:0px;--awb-border-sizes-bottom:0px;--awb-border-sizes-left:0px;--awb-border-sizes-right:0px;--awb-border-radius-top-left:0px;--awb-border-radius-top-right:0px;--awb-border-radius-bottom-right:0px;--awb-border-radius-bottom-left:0px;--awb-padding-top:57px;--awb-padding-bottom:100px;--awb-background-color:var(--awb-color5);--awb-flex-wrap:wrap;\" ><div class=\"fusion-builder-row fusion-row fusion-flex-align-items-flex-start fusion-flex-content-wrap\" style=\"max-width:1216.8px;margin-left: calc(-4% \/ 2 );margin-right: calc(-4% \/ 2 );\"><div class=\"fusion-layout-column fusion_builder_column fusion-builder-column-0 fusion_builder_column_1_1 1_1 fusion-flex-column fusion-flex-align-self-flex-start fusion-column-no-min-height\" style=\"--awb-bg-blend:overlay;--awb-bg-size:cover;--awb-width-large:100%;--awb-margin-top-large:0px;--awb-spacing-right-large:1.92%;--awb-margin-bottom-large:40px;--awb-spacing-left-large:1.92%;--awb-width-medium:100%;--awb-spacing-right-medium:1.92%;--awb-spacing-left-medium:1.92%;--awb-width-small:100%;--awb-spacing-right-small:1.92%;--awb-spacing-left-small:1.92%;\"><div class=\"fusion-column-wrapper fusion-flex-justify-content-flex-start fusion-content-layout-column\"><div class=\"fusion-title title fusion-title-1 fusion-sep-none fusion-title-text fusion-title-size-two\" style=\"--awb-text-color:var(--awb-color1);\"><h2 class=\"fusion-title-heading title-heading-left fusion-responsive-typography-calculated\" style=\"margin:0;text-transform:capitalize;--fontSize:48;line-height:var(--awb-typography1-line-height);\">CONTACTA CON NOSOTROS<\/h2><\/div><\/div><\/div><div class=\"fusion-layout-column fusion_builder_column fusion-builder-column-1 fusion_builder_column_1_2 1_2 fusion-flex-column\" style=\"--awb-bg-blend:overlay;--awb-bg-size:cover;--awb-width-large:50%;--awb-margin-top-large:0px;--awb-spacing-right-large:3.84%;--awb-margin-bottom-large:20px;--awb-spacing-left-large:3.84%;--awb-width-medium:100%;--awb-spacing-right-medium:1.92%;--awb-spacing-left-medium:1.92%;--awb-width-small:100%;--awb-spacing-right-small:1.92%;--awb-spacing-left-small:1.92%;\"><div class=\"fusion-column-wrapper fusion-flex-justify-content-flex-start fusion-content-layout-column\"><div class=\"shortcode-map fusion-google-map fusion-maps-embed-type\"><iframe width=\"100%\" height=\"500px\" frameborder=\"0\" style=\"border:0\" src=\"https:\/\/www.google.com\/maps\/embed\/v1\/place?key=AIzaSyCkemeQ8g-vIinj8XpvzBeAWegBG0jrjmw&language=es&q=Carretera+Madrid,+Km+234,+v\u00eda+servicio+H.+Landa,+09195+Villagonzalo+Pedernales,+Burgos&maptype=satellite&zoom=11\" allowfullscreen><\/iframe><\/div><\/div><\/div><div class=\"fusion-layout-column fusion_builder_column fusion-builder-column-2 fusion_builder_column_1_2 1_2 fusion-flex-column\" style=\"--awb-bg-size:cover;--awb-width-large:50%;--awb-margin-top-large:0px;--awb-spacing-right-large:3.84%;--awb-margin-bottom-large:20px;--awb-spacing-left-large:3.84%;--awb-width-medium:100%;--awb-order-medium:0;--awb-spacing-right-medium:1.92%;--awb-spacing-left-medium:1.92%;--awb-width-small:100%;--awb-order-small:0;--awb-spacing-right-small:1.92%;--awb-spacing-left-small:1.92%;\"><div class=\"fusion-column-wrapper fusion-column-has-shadow fusion-flex-justify-content-flex-start fusion-content-layout-column\"><div class=\"fusion-widget fusion-widget-element fusion-widget-area fusion-content-widget-area wpWidget-1 fusion_widget_contact_info\" style=\"--awb-fusion-border-size:0px;--awb-fusion-border-style:solid;\"><div class=\"widget contact_info\">\n\t\t<div class=\"contact-info-container\">\n\t\t\t\t\t\t\t<p class=\"address\">hedbe@hedbe.net<\/p>\n\t\t\t\n\t\t\t\t\t\t\t<p class=\"phone\">Tel\u00e9fono: <a href=\"tel: 947274797 - 947277127\"> 947274797 - 947277127<\/a><\/p>\n\t\t\t\n\t\t\t\n\t\t\t\t\t\t\t<p class=\"fax\">Fax: <a href=\"fax: 947277127\"> 947277127<\/a><\/p>\n\t\t\t\n\t\t\t\n\t\t\t\t\t\t\t<p class=\"web\">Web: <a href=\"http:\/\/hedbe.es\">\n\t\t\t\t\t\t\t\t\t\t\tHedbe.es\t\t\t\t\t\t\t\t\t<\/a><\/p>\n\t\t\t\t\t<\/div>\n\t\t<\/div><\/div><div class=\"fusion-text fusion-text-1\"><p><span style=\"color: #ffffff;\">Ctra. Madrid-Ir\u00fan, Km. 234, V\u00eda Servicio. C\/ Cinc, no 2. 09195 &#8211; Villagonzalo Pedernales. Burgos.<\/span><\/p>\n<\/div><\/div><\/div><\/div><\/div><div class=\"fusion-fullwidth fullwidth-box fusion-builder-row-2 fusion-flex-container has-pattern-background has-mask-background nonhundred-percent-fullwidth non-hundred-percent-height-scrolling\" style=\"--awb-border-radius-top-left:0px;--awb-border-radius-top-right:0px;--awb-border-radius-bottom-right:0px;--awb-border-radius-bottom-left:0px;--awb-flex-wrap:wrap;\" ><div class=\"fusion-builder-row fusion-row fusion-flex-align-items-flex-start fusion-flex-content-wrap\" style=\"max-width:1216.8px;margin-left: calc(-4% \/ 2 );margin-right: calc(-4% \/ 2 );\"><div class=\"fusion-layout-column fusion_builder_column fusion-builder-column-3 fusion_builder_column_1_2 1_2 fusion-flex-column\" style=\"--awb-bg-size:cover;--awb-width-large:50%;--awb-margin-top-large:0px;--awb-spacing-right-large:3.84%;--awb-margin-bottom-large:20px;--awb-spacing-left-large:3.84%;--awb-width-medium:100%;--awb-order-medium:0;--awb-spacing-right-medium:1.92%;--awb-spacing-left-medium:1.92%;--awb-width-small:100%;--awb-order-small:0;--awb-spacing-right-small:1.92%;--awb-spacing-left-small:1.92%;\"><div class=\"fusion-column-wrapper fusion-column-has-shadow fusion-flex-justify-content-flex-start fusion-content-layout-column\"><\/div><\/div><div class=\"fusion-layout-column fusion_builder_column fusion-builder-column-4 fusion_builder_column_1_2 1_2 fusion-flex-column\" style=\"--awb-bg-size:cover;--awb-width-large:50%;--awb-margin-top-large:0px;--awb-spacing-right-large:3.84%;--awb-margin-bottom-large:20px;--awb-spacing-left-large:3.84%;--awb-width-medium:100%;--awb-order-medium:0;--awb-spacing-right-medium:1.92%;--awb-spacing-left-medium:1.92%;--awb-width-small:100%;--awb-order-small:0;--awb-spacing-right-small:1.92%;--awb-spacing-left-small:1.92%;\"><div class=\"fusion-column-wrapper fusion-column-has-shadow fusion-flex-justify-content-flex-start fusion-content-layout-column\"><\/div><\/div><\/div><\/div><\/p>\n","protected":false},"excerpt":{"rendered":"","protected":false},"author":1,"featured_media":0,"parent":0,"menu_order":0,"comment_status":"closed","ping_status":"open","template":"100-width.php","meta":{"footnotes":""},"class_list":["post-15","page","type-page","status-publish","hentry"],"yoast_head":"<!-- This site is optimized with the Yoast SEO plugin v20.13 - https:\/\/yoast.com\/wordpress\/plugins\/seo\/ -->\n<title>Contacto - Hedbe- Centro de jardineria<\/title>\n<meta name=\"description\" content=\"Con\u00e9ctate con Hedbe! Resuelve tus dudas, encuentra inspiraci\u00f3n y comienza tu viaje hacia un jard\u00edn espectacular. Contacto f\u00e1cil y r\u00e1pido.\" \/>\n<meta name=\"robots\" content=\"index, follow, max-snippet:-1, max-image-preview:large, max-video-preview:-1\" \/>\n<link rel=\"canonical\" href=\"https:\/\/hedbeweb.180gr.com\/index.php\/contacto-hedbe\/\" \/>\n<meta property=\"og:locale\" content=\"es_ES\" \/>\n<meta property=\"og:type\" content=\"article\" \/>\n<meta property=\"og:title\" content=\"Contacto - Hedbe- Centro de jardineria\" \/>\n<meta property=\"og:description\" content=\"Con\u00e9ctate con Hedbe! Resuelve tus dudas, encuentra inspiraci\u00f3n y comienza tu viaje hacia un jard\u00edn espectacular. Contacto f\u00e1cil y r\u00e1pido.\" \/>\n<meta property=\"og:url\" content=\"https:\/\/hedbeweb.180gr.com\/index.php\/contacto-hedbe\/\" \/>\n<meta property=\"og:site_name\" content=\"Hedbe- Centro de jardineria\" \/>\n<meta property=\"article:modified_time\" content=\"2023-08-11T07:50:46+00:00\" \/>\n<meta name=\"twitter:card\" content=\"summary_large_image\" \/>\n<meta name=\"twitter:label1\" content=\"Tiempo de lectura\" \/>\n\t<meta name=\"twitter:data1\" content=\"5 minutos\" \/>\n<script type=\"application\/ld+json\" class=\"yoast-schema-graph\">{\"@context\":\"https:\/\/schema.org\",\"@graph\":[{\"@type\":\"WebPage\",\"@id\":\"https:\/\/hedbeweb.180gr.com\/index.php\/contacto-hedbe\/\",\"url\":\"https:\/\/hedbeweb.180gr.com\/index.php\/contacto-hedbe\/\",\"name\":\"Contacto - Hedbe- Centro de jardineria\",\"isPartOf\":{\"@id\":\"https:\/\/hedbeweb.180gr.com\/#website\"},\"datePublished\":\"2015-02-10T19:22:07+00:00\",\"dateModified\":\"2023-08-11T07:50:46+00:00\",\"description\":\"Con\u00e9ctate con Hedbe! Resuelve tus dudas, encuentra inspiraci\u00f3n y comienza tu viaje hacia un jard\u00edn espectacular. Contacto f\u00e1cil y r\u00e1pido.\",\"breadcrumb\":{\"@id\":\"https:\/\/hedbeweb.180gr.com\/index.php\/contacto-hedbe\/#breadcrumb\"},\"inLanguage\":\"es\",\"potentialAction\":[{\"@type\":\"ReadAction\",\"target\":[\"https:\/\/hedbeweb.180gr.com\/index.php\/contacto-hedbe\/\"]}]},{\"@type\":\"BreadcrumbList\",\"@id\":\"https:\/\/hedbeweb.180gr.com\/index.php\/contacto-hedbe\/#breadcrumb\",\"itemListElement\":[{\"@type\":\"ListItem\",\"position\":1,\"name\":\"Portada\",\"item\":\"https:\/\/hedbeweb.180gr.com\/\"},{\"@type\":\"ListItem\",\"position\":2,\"name\":\"Contacto\"}]},{\"@type\":\"WebSite\",\"@id\":\"https:\/\/hedbeweb.180gr.com\/#website\",\"url\":\"https:\/\/hedbeweb.180gr.com\/\",\"name\":\"Hedbe- Centro de jardineria\",\"description\":\"&quot;Descubre la magia de la naturaleza en nuestro centro de jardiner\u00eda en Burgos. Plantas, flores y accesorios para crear tu para\u00edso verde. \u00a1Vis\u00edtanos ahora!&quot;\",\"potentialAction\":[{\"@type\":\"SearchAction\",\"target\":{\"@type\":\"EntryPoint\",\"urlTemplate\":\"https:\/\/hedbeweb.180gr.com\/?s={search_term_string}\"},\"query-input\":\"required name=search_term_string\"}],\"inLanguage\":\"es\"}]}<\/script>\n<!-- \/ Yoast SEO plugin. -->","yoast_head_json":{"title":"Contacto - Hedbe- Centro de jardineria","description":"Con\u00e9ctate con Hedbe! Resuelve tus dudas, encuentra inspiraci\u00f3n y comienza tu viaje hacia un jard\u00edn espectacular. Contacto f\u00e1cil y r\u00e1pido.","robots":{"index":"index","follow":"follow","max-snippet":"max-snippet:-1","max-image-preview":"max-image-preview:large","max-video-preview":"max-video-preview:-1"},"canonical":"https:\/\/hedbeweb.180gr.com\/index.php\/contacto-hedbe\/","og_locale":"es_ES","og_type":"article","og_title":"Contacto - Hedbe- Centro de jardineria","og_description":"Con\u00e9ctate con Hedbe! Resuelve tus dudas, encuentra inspiraci\u00f3n y comienza tu viaje hacia un jard\u00edn espectacular. Contacto f\u00e1cil y r\u00e1pido.","og_url":"https:\/\/hedbeweb.180gr.com\/index.php\/contacto-hedbe\/","og_site_name":"Hedbe- Centro de jardineria","article_modified_time":"2023-08-11T07:50:46+00:00","twitter_card":"summary_large_image","twitter_misc":{"Tiempo de lectura":"5 minutos"},"schema":{"@context":"https:\/\/schema.org","@graph":[{"@type":"WebPage","@id":"https:\/\/hedbeweb.180gr.com\/index.php\/contacto-hedbe\/","url":"https:\/\/hedbeweb.180gr.com\/index.php\/contacto-hedbe\/","name":"Contacto - Hedbe- Centro de jardineria","isPartOf":{"@id":"https:\/\/hedbeweb.180gr.com\/#website"},"datePublished":"2015-02-10T19:22:07+00:00","dateModified":"2023-08-11T07:50:46+00:00","description":"Con\u00e9ctate con Hedbe! Resuelve tus dudas, encuentra inspiraci\u00f3n y comienza tu viaje hacia un jard\u00edn espectacular. Contacto f\u00e1cil y r\u00e1pido.","breadcrumb":{"@id":"https:\/\/hedbeweb.180gr.com\/index.php\/contacto-hedbe\/#breadcrumb"},"inLanguage":"es","potentialAction":[{"@type":"ReadAction","target":["https:\/\/hedbeweb.180gr.com\/index.php\/contacto-hedbe\/"]}]},{"@type":"BreadcrumbList","@id":"https:\/\/hedbeweb.180gr.com\/index.php\/contacto-hedbe\/#breadcrumb","itemListElement":[{"@type":"ListItem","position":1,"name":"Portada","item":"https:\/\/hedbeweb.180gr.com\/"},{"@type":"ListItem","position":2,"name":"Contacto"}]},{"@type":"WebSite","@id":"https:\/\/hedbeweb.180gr.com\/#website","url":"https:\/\/hedbeweb.180gr.com\/","name":"Hedbe- Centro de jardineria","description":"&quot;Descubre la magia de la naturaleza en nuestro centro de jardiner\u00eda en Burgos. Plantas, flores y accesorios para crear tu para\u00edso verde. \u00a1Vis\u00edtanos ahora!&quot;","potentialAction":[{"@type":"SearchAction","target":{"@type":"EntryPoint","urlTemplate":"https:\/\/hedbeweb.180gr.com\/?s={search_term_string}"},"query-input":"required name=search_term_string"}],"inLanguage":"es"}]}},"_links":{"self":[{"href":"https:\/\/hedbeweb.180gr.com\/index.php\/wp-json\/wp\/v2\/pages\/15","targetHints":{"allow":["GET"]}}],"collection":[{"href":"https:\/\/hedbeweb.180gr.com\/index.php\/wp-json\/wp\/v2\/pages"}],"about":[{"href":"https:\/\/hedbeweb.180gr.com\/index.php\/wp-json\/wp\/v2\/types\/page"}],"author":[{"embeddable":true,"href":"https:\/\/hedbeweb.180gr.com\/index.php\/wp-json\/wp\/v2\/users\/1"}],"replies":[{"embeddable":true,"href":"https:\/\/hedbeweb.180gr.com\/index.php\/wp-json\/wp\/v2\/comments?post=15"}],"version-history":[{"count":16,"href":"https:\/\/hedbeweb.180gr.com\/index.php\/wp-json\/wp\/v2\/pages\/15\/revisions"}],"predecessor-version":[{"id":1016,"href":"https:\/\/hedbeweb.180gr.com\/index.php\/wp-json\/wp\/v2\/pages\/15\/revisions\/1016"}],"wp:attachment":[{"href":"https:\/\/hedbeweb.180gr.com\/index.php\/wp-json\/wp\/v2\/media?parent=15"}],"curies":[{"name":"wp","href":"https:\/\/api.w.org\/{rel}","templated":true}]}}