{"id":11,"date":"2015-02-10T19:21:34","date_gmt":"2015-02-10T19:21:34","guid":{"rendered":"https:\/\/avada.theme-fusion.com_demos\/architecture\/?page_id=11"},"modified":"2023-08-09T09:38:02","modified_gmt":"2023-08-09T09:38:02","slug":"trabajos-de-jardineria","status":"publish","type":"page","link":"https:\/\/hedbeweb.180gr.com\/index.php\/trabajos-de-jardineria\/","title":{"rendered":"Trabajos de jardiner\u00eda"},"content":{"rendered":"<p><div class=\"fusion-fullwidth fullwidth-box fusion-builder-row-1 fusion-flex-container nonhundred-percent-fullwidth non-hundred-percent-height-scrolling\" style=\"--awb-background-position:left top;--awb-border-sizes-top:0px;--awb-border-sizes-bottom:0px;--awb-border-sizes-left:0px;--awb-border-sizes-right:0px;--awb-border-radius-top-left:0px;--awb-border-radius-top-right:0px;--awb-border-radius-bottom-right:0px;--awb-border-radius-bottom-left:0px;--awb-padding-top:150px;--awb-padding-bottom:150px;--awb-flex-wrap:wrap;\" ><div class=\"fusion-builder-row fusion-row fusion-flex-align-items-flex-start fusion-flex-content-wrap\" style=\"max-width:1216.8px;margin-left: calc(-4% \/ 2 );margin-right: calc(-4% \/ 2 );\"><div class=\"fusion-layout-column fusion_builder_column fusion-builder-column-0 fusion_builder_column_1_2 1_2 fusion-flex-column\" style=\"--awb-bg-blend:overlay;--awb-bg-size:cover;--awb-width-large:50%;--awb-margin-top-large:0px;--awb-spacing-right-large:3.84%;--awb-margin-bottom-large:20px;--awb-spacing-left-large:3.84%;--awb-width-medium:100%;--awb-spacing-right-medium:1.92%;--awb-spacing-left-medium:1.92%;--awb-width-small:100%;--awb-spacing-right-small:1.92%;--awb-spacing-left-small:1.92%;\"><div class=\"fusion-column-wrapper fusion-flex-justify-content-flex-start fusion-content-layout-column\"><div class=\"fusion-title title fusion-title-1 fusion-sep-none fusion-title-text fusion-title-size-two\" style=\"--awb-margin-bottom:50px;\"><h2 class=\"fusion-title-heading title-heading-left fusion-responsive-typography-calculated\" style=\"margin:0;text-transform:capitalize;--fontSize:48;line-height:var(--awb-typography1-line-height);\">\u00bfTIENES O QUIERES UN JARDIN? PODEMOS AYUDARTE<\/h2><\/div><div class=\"fusion-separator\" style=\"align-self: flex-start;margin-right:auto;margin-top:0px;margin-bottom:40px;width:100%;max-width:170px;\"><div class=\"fusion-separator-border sep-single sep-solid\" style=\"--awb-height:20px;--awb-amount:20px;--awb-sep-color:var(--awb-color3);border-color:var(--awb-color3);border-top-width:3px;\"><\/div><\/div><div class=\"fusion-text fusion-text-1\" style=\"--awb-font-size:var(--awb-typography2-font-size);--awb-line-height:var(--awb-typography2-line-height);--awb-letter-spacing:var(--awb-typography2-letter-spacing);--awb-text-transform:var(--awb-typography2-text-transform);--awb-text-font-family:var(--awb-typography2-font-family);--awb-text-font-weight:var(--awb-typography2-font-weight);--awb-text-font-style:var(--awb-typography2-font-style);\"><p>Hedbe Centro de Jardiner\u00eda nace para dar respuesta a la necesaria especializaci\u00f3n y profesionalizaci\u00f3n del sector de la jardiner\u00eda. Todo nuestro personal est\u00e1 altamente cualificado para llevar tu proyecto a buen t\u00e9rmino.<br \/>\nTan importante es un proyecto detallado, como la mano de obra especializada, un exhaustivo control de obra y una correcta ejecuci\u00f3n.<\/p>\n<\/div><div class=\"fusion-separator fusion-full-width-sep\" style=\"align-self: flex-start;margin-right:auto;margin-bottom:10px;width:100%;\"><\/div><\/div><\/div><div class=\"fusion-layout-column fusion_builder_column fusion-builder-column-1 fusion_builder_column_1_2 1_2 fusion-flex-column\" style=\"--awb-bg-blend:overlay;--awb-bg-size:cover;--awb-width-large:50%;--awb-margin-top-large:0px;--awb-spacing-right-large:3.84%;--awb-margin-bottom-large:20px;--awb-spacing-left-large:3.84%;--awb-width-medium:100%;--awb-spacing-right-medium:1.92%;--awb-spacing-left-medium:1.92%;--awb-width-small:100%;--awb-spacing-right-small:1.92%;--awb-spacing-left-small:1.92%;\"><div class=\"fusion-column-wrapper fusion-flex-justify-content-flex-start fusion-content-layout-column\"><div class=\"fusion-image-element \" style=\"--awb-caption-title-font-family:var(--h2_typography-font-family);--awb-caption-title-font-weight:var(--h2_typography-font-weight);--awb-caption-title-font-style:var(--h2_typography-font-style);--awb-caption-title-size:var(--h2_typography-font-size);--awb-caption-title-transform:var(--h2_typography-text-transform);--awb-caption-title-line-height:var(--h2_typography-line-height);--awb-caption-title-letter-spacing:var(--h2_typography-letter-spacing);\"><span class=\" fusion-imageframe imageframe-none imageframe-1 hover-type-zoomin fusion-animated\" data-animationType=\"fadeInDown\" data-animationDuration=\"1\" data-animationOffset=\"top-into-view\"><a href=\"https:\/\/hedbeweb.180gr.com\/wp-content\/uploads\/2023\/08\/portada.jpg\" class=\"fusion-lightbox\" data-rel=\"iLightbox[d0e6fa15f6758c09427]\" data-title=\"portada\" title=\"portada\"><img decoding=\"async\" width=\"800\" height=\"800\" src=\"https:\/\/hedbeweb.180gr.com\/wp-content\/uploads\/2023\/08\/portada.jpg\" data-orig-src=\"https:\/\/hedbeweb.180gr.com\/wp-content\/uploads\/2023\/08\/portada.jpg\" alt class=\"lazyload img-responsive wp-image-933\" srcset=\"data:image\/svg+xml,%3Csvg%20xmlns%3D%27http%3A%2F%2Fwww.w3.org%2F2000%2Fsvg%27%20width%3D%27800%27%20height%3D%27800%27%20viewBox%3D%270%200%20800%20800%27%3E%3Crect%20width%3D%27800%27%20height%3D%27800%27%20fill-opacity%3D%220%22%2F%3E%3C%2Fsvg%3E\" data-srcset=\"https:\/\/hedbeweb.180gr.com\/wp-content\/uploads\/2023\/08\/portada-200x200.jpg 200w, https:\/\/hedbeweb.180gr.com\/wp-content\/uploads\/2023\/08\/portada-400x400.jpg 400w, https:\/\/hedbeweb.180gr.com\/wp-content\/uploads\/2023\/08\/portada-600x600.jpg 600w, https:\/\/hedbeweb.180gr.com\/wp-content\/uploads\/2023\/08\/portada.jpg 800w\" data-sizes=\"auto\" data-orig-sizes=\"(max-width: 800px) 100vw, (max-width: 640px) 100vw, 600px\" \/><\/a><\/span><\/div><div class=\"fusion-text fusion-text-2\"><p><strong>Atenci\u00f3n a nuestros clientes. <\/strong><br \/>\nNuestro objetivo es la completa satisfacci\u00f3n de nuestros clientes.<br \/>\nEscuchamos para entender cu\u00e1les son las necesidades espec\u00edficas y ofrecer la mejor soluci\u00f3n.<\/p>\n<\/div><\/div><\/div><\/div><\/div><div class=\"fusion-bg-parallax\" data-bg-align=\"left top\" data-direction=\"left\" data-mute=\"false\" data-opacity=\"100\" data-velocity=\"-0.7\" data-mobile-enabled=\"false\" data-break_parents=\"0\" data-bg-image=\"https:\/\/hedbeweb.180gr.com\/wp-content\/uploads\/2023\/08\/DSCN1079-1.jpg\" data-bg-repeat=\"false\" ><\/div><div class=\"fusion-fullwidth fullwidth-box fusion-builder-row-2 fusion-flex-container fusion-parallax-left nonhundred-percent-fullwidth non-hundred-percent-height-scrolling lazyload\" style=\"--awb-background-position:left top;--awb-border-sizes-top:0px;--awb-border-sizes-bottom:0px;--awb-border-sizes-left:0px;--awb-border-sizes-right:0px;--awb-border-radius-top-left:0px;--awb-border-radius-top-right:0px;--awb-border-radius-bottom-right:0px;--awb-border-radius-bottom-left:0px;--awb-padding-top:130px;--awb-padding-bottom:120px;--awb-background-size:cover;--awb-flex-wrap:wrap;\" data-bg=\"https:\/\/hedbeweb.180gr.com\/wp-content\/uploads\/2023\/08\/DSCN1079-1.jpg\" ><div class=\"fusion-builder-row fusion-row fusion-flex-align-items-flex-start fusion-flex-content-wrap\" style=\"max-width:1216.8px;margin-left: calc(-4% \/ 2 );margin-right: calc(-4% \/ 2 );\"><div class=\"fusion-layout-column fusion_builder_column fusion-builder-column-2 fusion_builder_column_1_2 1_2 fusion-flex-column\" style=\"--awb-bg-blend:overlay;--awb-bg-size:cover;--awb-width-large:50%;--awb-margin-top-large:0px;--awb-spacing-right-large:3.84%;--awb-margin-bottom-large:20px;--awb-spacing-left-large:3.84%;--awb-width-medium:100%;--awb-spacing-right-medium:1.92%;--awb-spacing-left-medium:1.92%;--awb-width-small:100%;--awb-spacing-right-small:1.92%;--awb-spacing-left-small:1.92%;\"><div class=\"fusion-column-wrapper fusion-flex-justify-content-flex-start fusion-content-layout-column\"><div class=\"fusion-title title fusion-title-2 fusion-sep-none fusion-title-text fusion-title-size-two\" style=\"--awb-text-color:var(--awb-color1);\"><h2 class=\"fusion-title-heading title-heading-left fusion-responsive-typography-calculated\" style=\"margin:0;text-transform:capitalize;--fontSize:48;line-height:var(--awb-typography1-line-height);\">SOLVENCIA T\u00c9CNICA<\/h2><\/div><div class=\"fusion-text fusion-text-3\"><p><span style=\"color: #ffffff;\">Tanto el equipo t\u00e9cnico como la mano de obra es personal propio, cualificado y con amplia experiencia en jardiner\u00eda. Apostamos por la especializaci\u00f3n y profesionalizaci\u00f3n de la jardiner\u00eda. La experiencia acumulada a lo largo de m\u00e1s de 25 a\u00f1os, nos permite otorgar un servicio de la mejor calidad. Practicamos la mejora continua en cada obra. Contamos con clasificaci\u00f3n para la licitaci\u00f3n de obra p\u00fablica.<\/span><\/p>\n<\/div><div class=\"fusion-separator fusion-full-width-sep\" style=\"align-self: center;margin-left: auto;margin-right: auto;margin-top:20px;width:100%;\"><\/div><\/div><\/div><\/div><\/div><div class=\"fusion-bg-parallax\" data-bg-align=\"left top\" data-direction=\"right\" data-mute=\"false\" data-opacity=\"100\" data-velocity=\"-0.7\" data-mobile-enabled=\"false\" data-break_parents=\"0\" data-bg-image=\"https:\/\/hedbeweb.180gr.com\/wp-content\/uploads\/2023\/08\/Trabajos2.jpg\" data-bg-repeat=\"false\" ><\/div><div class=\"fusion-fullwidth fullwidth-box fusion-builder-row-3 fusion-flex-container fusion-parallax-right nonhundred-percent-fullwidth non-hundred-percent-height-scrolling lazyload\" style=\"--awb-background-position:left top;--awb-border-sizes-top:0px;--awb-border-sizes-bottom:0px;--awb-border-sizes-left:0px;--awb-border-sizes-right:0px;--awb-border-radius-top-left:0px;--awb-border-radius-top-right:0px;--awb-border-radius-bottom-right:0px;--awb-border-radius-bottom-left:0px;--awb-padding-top:130px;--awb-padding-bottom:120px;--awb-background-size:cover;--awb-flex-wrap:wrap;\" data-bg=\"https:\/\/hedbeweb.180gr.com\/wp-content\/uploads\/2023\/08\/Trabajos2.jpg\" ><div class=\"fusion-builder-row fusion-row fusion-flex-align-items-flex-start fusion-flex-content-wrap\" style=\"max-width:1216.8px;margin-left: calc(-4% \/ 2 );margin-right: calc(-4% \/ 2 );\"><div class=\"fusion-layout-column fusion_builder_column fusion-builder-column-3 fusion_builder_column_1_2 1_2 fusion-flex-column\" style=\"--awb-bg-blend:overlay;--awb-bg-size:cover;--awb-width-large:50%;--awb-margin-top-large:0px;--awb-spacing-right-large:3.84%;--awb-margin-bottom-large:20px;--awb-spacing-left-large:3.84%;--awb-width-medium:100%;--awb-spacing-right-medium:1.92%;--awb-spacing-left-medium:1.92%;--awb-width-small:100%;--awb-spacing-right-small:1.92%;--awb-spacing-left-small:1.92%;\"><div class=\"fusion-column-wrapper fusion-flex-justify-content-flex-start fusion-content-layout-column\"><div class=\"fusion-title title fusion-title-3 fusion-sep-none fusion-title-text fusion-title-size-two\" style=\"--awb-text-color:var(--awb-color1);\"><h2 class=\"fusion-title-heading title-heading-left fusion-responsive-typography-calculated\" style=\"margin:0;text-transform:capitalize;--fontSize:48;line-height:var(--awb-typography1-line-height);\">NUESTROS SERVICIOS<\/h2><\/div><div class=\"fusion-text fusion-text-4\"><p><span style=\"color: #ffffff;\">-Dise\u00f1o, realizaci\u00f3n y mantenimiento de jardines a particulares, comunidades, entidades y empresas.<\/span><\/p>\n<p><span style=\"color: #ffffff;\">-Podas y desbroces de grandes superficies.<\/span><br \/>\n<span style=\"color: #ffffff;\">-Riegos manuales, autom\u00e1ticos, goteo, etc.<\/span><br \/>\n<span style=\"color: #ffffff;\">-Piscinas.<\/span><\/p>\n<\/div><div class=\"fusion-separator fusion-full-width-sep\" style=\"align-self: center;margin-left: auto;margin-right: auto;margin-top:20px;width:100%;\"><\/div><\/div><\/div><\/div><\/div><div class=\"fusion-bg-parallax\" data-bg-align=\"left top\" data-direction=\"left\" data-mute=\"false\" data-opacity=\"100\" data-velocity=\"-0.7\" data-mobile-enabled=\"false\" data-break_parents=\"0\" data-bg-image=\"https:\/\/hedbeweb.180gr.com\/wp-content\/uploads\/2023\/08\/Trabajos3-scaled.jpg\" data-bg-repeat=\"false\" ><\/div><div class=\"fusion-fullwidth fullwidth-box fusion-builder-row-4 fusion-flex-container fusion-parallax-left nonhundred-percent-fullwidth non-hundred-percent-height-scrolling lazyload\" style=\"--awb-background-position:left top;--awb-border-sizes-top:0px;--awb-border-sizes-bottom:0px;--awb-border-sizes-left:0px;--awb-border-sizes-right:0px;--awb-border-radius-top-left:0px;--awb-border-radius-top-right:0px;--awb-border-radius-bottom-right:0px;--awb-border-radius-bottom-left:0px;--awb-padding-top:130px;--awb-padding-bottom:120px;--awb-background-size:cover;--awb-flex-wrap:wrap;\" data-bg=\"https:\/\/hedbeweb.180gr.com\/wp-content\/uploads\/2023\/08\/Trabajos3-scaled.jpg\" ><div class=\"fusion-builder-row fusion-row fusion-flex-align-items-flex-start fusion-flex-content-wrap\" style=\"max-width:1216.8px;margin-left: calc(-4% \/ 2 );margin-right: calc(-4% \/ 2 );\"><div class=\"fusion-layout-column fusion_builder_column fusion-builder-column-4 fusion_builder_column_1_2 1_2 fusion-flex-column\" style=\"--awb-bg-blend:overlay;--awb-bg-size:cover;--awb-width-large:50%;--awb-margin-top-large:0px;--awb-spacing-right-large:3.84%;--awb-margin-bottom-large:20px;--awb-spacing-left-large:3.84%;--awb-width-medium:100%;--awb-spacing-right-medium:1.92%;--awb-spacing-left-medium:1.92%;--awb-width-small:100%;--awb-spacing-right-small:1.92%;--awb-spacing-left-small:1.92%;\"><div class=\"fusion-column-wrapper fusion-flex-justify-content-flex-start fusion-content-layout-column\"><div class=\"fusion-title title fusion-title-4 fusion-sep-none fusion-title-text fusion-title-size-two\" style=\"--awb-text-color:var(--awb-color1);\"><h2 class=\"fusion-title-heading title-heading-left fusion-responsive-typography-calculated\" style=\"margin:0;text-transform:capitalize;--fontSize:48;line-height:var(--awb-typography1-line-height);\">ESPECIAL EMPRESAS<\/h2><\/div><div class=\"fusion-text fusion-text-5\"><p><span style=\"color: #ffffff;\">Las mejores opciones para el mantenimiento de jardines y plantas de interior, para que la imagen de sus instalaciones no suponga m\u00e1s trabajo y tiempo para Uds.<\/span><\/p>\n<\/div><div class=\"fusion-separator fusion-full-width-sep\" style=\"align-self: center;margin-left: auto;margin-right: auto;margin-top:20px;width:100%;\"><\/div><\/div><\/div><\/div><\/div><div class=\"fusion-bg-parallax\" data-bg-align=\"left top\" data-direction=\"right\" data-mute=\"false\" data-opacity=\"100\" data-velocity=\"-0.7\" data-mobile-enabled=\"false\" data-break_parents=\"0\" data-bg-image=\"https:\/\/hedbeweb.180gr.com\/wp-content\/uploads\/2023\/08\/Trabajos4.jpg\" data-bg-repeat=\"false\" ><\/div><div class=\"fusion-fullwidth fullwidth-box fusion-builder-row-5 fusion-flex-container fusion-parallax-right nonhundred-percent-fullwidth non-hundred-percent-height-scrolling lazyload\" style=\"--awb-background-position:left top;--awb-border-sizes-top:0px;--awb-border-sizes-bottom:0px;--awb-border-sizes-left:0px;--awb-border-sizes-right:0px;--awb-border-radius-top-left:0px;--awb-border-radius-top-right:0px;--awb-border-radius-bottom-right:0px;--awb-border-radius-bottom-left:0px;--awb-padding-top:130px;--awb-padding-bottom:120px;--awb-background-size:cover;--awb-flex-wrap:wrap;\" data-bg=\"https:\/\/hedbeweb.180gr.com\/wp-content\/uploads\/2023\/08\/Trabajos4.jpg\" ><div class=\"fusion-builder-row fusion-row fusion-flex-align-items-flex-start fusion-flex-content-wrap\" style=\"max-width:1216.8px;margin-left: calc(-4% \/ 2 );margin-right: calc(-4% \/ 2 );\"><div class=\"fusion-layout-column fusion_builder_column fusion-builder-column-5 fusion_builder_column_1_2 1_2 fusion-flex-column\" style=\"--awb-bg-blend:overlay;--awb-bg-size:cover;--awb-width-large:50%;--awb-margin-top-large:0px;--awb-spacing-right-large:3.84%;--awb-margin-bottom-large:20px;--awb-spacing-left-large:3.84%;--awb-width-medium:100%;--awb-spacing-right-medium:1.92%;--awb-spacing-left-medium:1.92%;--awb-width-small:100%;--awb-spacing-right-small:1.92%;--awb-spacing-left-small:1.92%;\"><div class=\"fusion-column-wrapper fusion-flex-justify-content-flex-start fusion-content-layout-column\"><div class=\"fusion-title title fusion-title-5 fusion-sep-none fusion-title-text fusion-title-size-two\" style=\"--awb-text-color:var(--awb-color1);\"><h2 class=\"fusion-title-heading title-heading-left fusion-responsive-typography-calculated\" style=\"margin:0;text-transform:capitalize;--fontSize:48;line-height:var(--awb-typography1-line-height);\">SOLICITA PRESUPUESTO<\/h2><\/div><div class=\"fusion-separator fusion-full-width-sep\" style=\"align-self: center;margin-left: auto;margin-right: auto;margin-top:20px;width:100%;\"><\/div><div ><a class=\"fusion-button button-flat button-xlarge button-default fusion-button-default button-1 fusion-button-default-span fusion-button-default-type\" target=\"_self\" href=\"https:\/\/hedbeweb.180gr.com\/index.php\/contact\/\"><span class=\"fusion-button-text\">CONTACTA CON NOSOTROS<\/span><\/a><\/div><\/div><\/div><\/div><\/div><\/p>\n","protected":false},"excerpt":{"rendered":"","protected":false},"author":1,"featured_media":0,"parent":0,"menu_order":0,"comment_status":"closed","ping_status":"open","template":"100-width.php","meta":{"footnotes":""},"class_list":["post-11","page","type-page","status-publish","hentry"],"yoast_head":"<!-- This site is optimized with the Yoast SEO plugin v20.13 - https:\/\/yoast.com\/wordpress\/plugins\/seo\/ -->\n<title>Trabajos de jardiner\u00eda - Hedbe- Centro de jardineria<\/title>\n<meta name=\"description\" content=\"Descubre Nuestros Trabajos de Jardiner\u00eda. Experiencia y Pasi\u00f3n en Cada Proyecto, solo en centro de jardiner\u00eda Hedbe\" \/>\n<meta name=\"robots\" content=\"index, follow, max-snippet:-1, max-image-preview:large, max-video-preview:-1\" \/>\n<link rel=\"canonical\" href=\"https:\/\/hedbeweb.180gr.com\/index.php\/trabajos-de-jardineria\/\" \/>\n<meta property=\"og:locale\" content=\"es_ES\" \/>\n<meta property=\"og:type\" content=\"article\" \/>\n<meta property=\"og:title\" content=\"Trabajos de jardiner\u00eda - Hedbe- Centro de jardineria\" \/>\n<meta property=\"og:description\" content=\"Descubre Nuestros Trabajos de Jardiner\u00eda. Experiencia y Pasi\u00f3n en Cada Proyecto, solo en centro de jardiner\u00eda Hedbe\" \/>\n<meta property=\"og:url\" content=\"https:\/\/hedbeweb.180gr.com\/index.php\/trabajos-de-jardineria\/\" \/>\n<meta property=\"og:site_name\" content=\"Hedbe- Centro de jardineria\" \/>\n<meta property=\"article:modified_time\" content=\"2023-08-09T09:38:02+00:00\" \/>\n<meta name=\"twitter:card\" content=\"summary_large_image\" \/>\n<meta name=\"twitter:label1\" content=\"Tiempo de lectura\" \/>\n\t<meta name=\"twitter:data1\" content=\"4 minutos\" \/>\n<script type=\"application\/ld+json\" class=\"yoast-schema-graph\">{\"@context\":\"https:\/\/schema.org\",\"@graph\":[{\"@type\":\"WebPage\",\"@id\":\"https:\/\/hedbeweb.180gr.com\/index.php\/trabajos-de-jardineria\/\",\"url\":\"https:\/\/hedbeweb.180gr.com\/index.php\/trabajos-de-jardineria\/\",\"name\":\"Trabajos de jardiner\u00eda - Hedbe- Centro de jardineria\",\"isPartOf\":{\"@id\":\"https:\/\/hedbeweb.180gr.com\/#website\"},\"datePublished\":\"2015-02-10T19:21:34+00:00\",\"dateModified\":\"2023-08-09T09:38:02+00:00\",\"description\":\"Descubre Nuestros Trabajos de Jardiner\u00eda. Experiencia y Pasi\u00f3n en Cada Proyecto, solo en centro de jardiner\u00eda Hedbe\",\"breadcrumb\":{\"@id\":\"https:\/\/hedbeweb.180gr.com\/index.php\/trabajos-de-jardineria\/#breadcrumb\"},\"inLanguage\":\"es\",\"potentialAction\":[{\"@type\":\"ReadAction\",\"target\":[\"https:\/\/hedbeweb.180gr.com\/index.php\/trabajos-de-jardineria\/\"]}]},{\"@type\":\"BreadcrumbList\",\"@id\":\"https:\/\/hedbeweb.180gr.com\/index.php\/trabajos-de-jardineria\/#breadcrumb\",\"itemListElement\":[{\"@type\":\"ListItem\",\"position\":1,\"name\":\"Portada\",\"item\":\"https:\/\/hedbeweb.180gr.com\/\"},{\"@type\":\"ListItem\",\"position\":2,\"name\":\"Trabajos de jardiner\u00eda\"}]},{\"@type\":\"WebSite\",\"@id\":\"https:\/\/hedbeweb.180gr.com\/#website\",\"url\":\"https:\/\/hedbeweb.180gr.com\/\",\"name\":\"Hedbe- Centro de jardineria\",\"description\":\"&quot;Descubre la magia de la naturaleza en nuestro centro de jardiner\u00eda en Burgos. Plantas, flores y accesorios para crear tu para\u00edso verde. \u00a1Vis\u00edtanos ahora!&quot;\",\"potentialAction\":[{\"@type\":\"SearchAction\",\"target\":{\"@type\":\"EntryPoint\",\"urlTemplate\":\"https:\/\/hedbeweb.180gr.com\/?s={search_term_string}\"},\"query-input\":\"required name=search_term_string\"}],\"inLanguage\":\"es\"}]}<\/script>\n<!-- \/ Yoast SEO plugin. -->","yoast_head_json":{"title":"Trabajos de jardiner\u00eda - Hedbe- Centro de jardineria","description":"Descubre Nuestros Trabajos de Jardiner\u00eda. Experiencia y Pasi\u00f3n en Cada Proyecto, solo en centro de jardiner\u00eda Hedbe","robots":{"index":"index","follow":"follow","max-snippet":"max-snippet:-1","max-image-preview":"max-image-preview:large","max-video-preview":"max-video-preview:-1"},"canonical":"https:\/\/hedbeweb.180gr.com\/index.php\/trabajos-de-jardineria\/","og_locale":"es_ES","og_type":"article","og_title":"Trabajos de jardiner\u00eda - Hedbe- Centro de jardineria","og_description":"Descubre Nuestros Trabajos de Jardiner\u00eda. Experiencia y Pasi\u00f3n en Cada Proyecto, solo en centro de jardiner\u00eda Hedbe","og_url":"https:\/\/hedbeweb.180gr.com\/index.php\/trabajos-de-jardineria\/","og_site_name":"Hedbe- Centro de jardineria","article_modified_time":"2023-08-09T09:38:02+00:00","twitter_card":"summary_large_image","twitter_misc":{"Tiempo de lectura":"4 minutos"},"schema":{"@context":"https:\/\/schema.org","@graph":[{"@type":"WebPage","@id":"https:\/\/hedbeweb.180gr.com\/index.php\/trabajos-de-jardineria\/","url":"https:\/\/hedbeweb.180gr.com\/index.php\/trabajos-de-jardineria\/","name":"Trabajos de jardiner\u00eda - Hedbe- Centro de jardineria","isPartOf":{"@id":"https:\/\/hedbeweb.180gr.com\/#website"},"datePublished":"2015-02-10T19:21:34+00:00","dateModified":"2023-08-09T09:38:02+00:00","description":"Descubre Nuestros Trabajos de Jardiner\u00eda. Experiencia y Pasi\u00f3n en Cada Proyecto, solo en centro de jardiner\u00eda Hedbe","breadcrumb":{"@id":"https:\/\/hedbeweb.180gr.com\/index.php\/trabajos-de-jardineria\/#breadcrumb"},"inLanguage":"es","potentialAction":[{"@type":"ReadAction","target":["https:\/\/hedbeweb.180gr.com\/index.php\/trabajos-de-jardineria\/"]}]},{"@type":"BreadcrumbList","@id":"https:\/\/hedbeweb.180gr.com\/index.php\/trabajos-de-jardineria\/#breadcrumb","itemListElement":[{"@type":"ListItem","position":1,"name":"Portada","item":"https:\/\/hedbeweb.180gr.com\/"},{"@type":"ListItem","position":2,"name":"Trabajos de jardiner\u00eda"}]},{"@type":"WebSite","@id":"https:\/\/hedbeweb.180gr.com\/#website","url":"https:\/\/hedbeweb.180gr.com\/","name":"Hedbe- Centro de jardineria","description":"&quot;Descubre la magia de la naturaleza en nuestro centro de jardiner\u00eda en Burgos. Plantas, flores y accesorios para crear tu para\u00edso verde. \u00a1Vis\u00edtanos ahora!&quot;","potentialAction":[{"@type":"SearchAction","target":{"@type":"EntryPoint","urlTemplate":"https:\/\/hedbeweb.180gr.com\/?s={search_term_string}"},"query-input":"required name=search_term_string"}],"inLanguage":"es"}]}},"_links":{"self":[{"href":"https:\/\/hedbeweb.180gr.com\/index.php\/wp-json\/wp\/v2\/pages\/11","targetHints":{"allow":["GET"]}}],"collection":[{"href":"https:\/\/hedbeweb.180gr.com\/index.php\/wp-json\/wp\/v2\/pages"}],"about":[{"href":"https:\/\/hedbeweb.180gr.com\/index.php\/wp-json\/wp\/v2\/types\/page"}],"author":[{"embeddable":true,"href":"https:\/\/hedbeweb.180gr.com\/index.php\/wp-json\/wp\/v2\/users\/1"}],"replies":[{"embeddable":true,"href":"https:\/\/hedbeweb.180gr.com\/index.php\/wp-json\/wp\/v2\/comments?post=11"}],"version-history":[{"count":14,"href":"https:\/\/hedbeweb.180gr.com\/index.php\/wp-json\/wp\/v2\/pages\/11\/revisions"}],"predecessor-version":[{"id":983,"href":"https:\/\/hedbeweb.180gr.com\/index.php\/wp-json\/wp\/v2\/pages\/11\/revisions\/983"}],"wp:attachment":[{"href":"https:\/\/hedbeweb.180gr.com\/index.php\/wp-json\/wp\/v2\/media?parent=11"}],"curies":[{"name":"wp","href":"https:\/\/api.w.org\/{rel}","templated":true}]}}